{"id":1617,"date":"2020-06-07T04:15:14","date_gmt":"2020-06-07T00:15:14","guid":{"rendered":"http:\/\/localhost\/context\/?page_id=9"},"modified":"2023-10-29T19:21:37","modified_gmt":"2023-10-29T15:21:37","slug":"home","status":"publish","type":"page","link":"https:\/\/azkaravan.az\/?page_id=1617","title":{"rendered":"Sifari\u015f"},"content":{"rendered":"\t\t<div data-elementor-type=\"wp-page\" data-elementor-id=\"1617\" class=\"elementor elementor-1617\">\n\t\t\t\t\t\t\t\t\t<section class=\"elementor-section elementor-top-section elementor-element elementor-element-0e05034 elementor-section-full_width elementor-section-height-default elementor-section-height-default\" data-id=\"0e05034\" data-element_type=\"section\">\n\t\t\t\t\t\t<div class=\"elementor-container elementor-column-gap-no\">\n\t\t\t\t\t<div class=\"elementor-column elementor-col-100 elementor-top-column elementor-element elementor-element-e6cb8d9\" data-id=\"e6cb8d9\" data-element_type=\"column\">\n\t\t\t<div class=\"elementor-widget-wrap elementor-element-populated\">\n\t\t\t\t\t\t\t\t<div class=\"elementor-element elementor-element-dd2c0ae bdt-item-match-height--yes bdt-navigation-type-arrows bdt-carousel-style-carousel elementor-widget elementor-widget-bdt-static-carousel\" data-id=\"dd2c0ae\" data-element_type=\"widget\" data-widget_type=\"bdt-static-carousel.default\">\n\t\t\t\t<div class=\"elementor-widget-container\">\n\t\t\t        <div id=\"bdt-static-carousel-dd2c0ae\" class=\"bdt-arrows-align-center bdt-static-carousel\" data-settings=\"{&quot;autoplay&quot;:{&quot;delay&quot;:5000},&quot;loop&quot;:true,&quot;speed&quot;:500,&quot;slidesPerView&quot;:1,&quot;slidesPerGroup&quot;:1,&quot;spaceBetween&quot;:1,&quot;effect&quot;:&quot;carousel&quot;,&quot;breakpoints&quot;:{&quot;767&quot;:{&quot;slidesPerView&quot;:2,&quot;spaceBetween&quot;:1,&quot;slidesPerGroup&quot;:1},&quot;1023&quot;:{&quot;slidesPerView&quot;:3,&quot;spaceBetween&quot;:1,&quot;slidesPerGroup&quot;:1}},&quot;navigation&quot;:{&quot;nextEl&quot;:&quot;#bdt-static-carousel-dd2c0ae .bdt-navigation-next&quot;,&quot;prevEl&quot;:&quot;#bdt-static-carousel-dd2c0ae .bdt-navigation-prev&quot;},&quot;pagination&quot;:{&quot;el&quot;:&quot;#bdt-static-carousel-dd2c0ae .swiper-pagination&quot;,&quot;type&quot;:&quot;&quot;,&quot;clickable&quot;:&quot;true&quot;,&quot;dynamicBullets&quot;:false},&quot;scrollbar&quot;:{&quot;el&quot;:&quot;#bdt-static-carousel-dd2c0ae .swiper-scrollbar&quot;,&quot;hide&quot;:&quot;true&quot;},&quot;coverflowEffect&quot;:{&quot;rotate&quot;:50,&quot;stretch&quot;:0,&quot;depth&quot;:100,&quot;modifier&quot;:1,&quot;slideShadows&quot;:true}}\">\r\n            <div class=\"swiper-carousel swiper\">\r\n                <div class=\"swiper-wrapper\">\r\n        \r\n                <div class=\"bdt-ep-static-carousel-item swiper-slide\">\r\n                    <div class=\"bdt-ep-static-carousel-image bdt-image-mask\">\r\n\r\n            <img loading=\"lazy\" decoding=\"async\" width=\"666\" height=\"374\" src=\"https:\/\/azkaravan.az\/wp-content\/uploads\/2023\/09\/iveco-daily-van.png\" class=\"attachment-large size-large\" alt=\"AZKAR-AKB++Family\" srcset=\"https:\/\/azkaravan.az\/wp-content\/uploads\/2023\/09\/iveco-daily-van.png 666w, https:\/\/azkaravan.az\/wp-content\/uploads\/2023\/09\/iveco-daily-van-300x168.png 300w\" sizes=\"auto, (max-width: 666px) 100vw, 666px\" \/>\r\n            \r\n        <\/div>\r\n                    <div class=\"bdt-ep-static-carousel-content\">\r\n                                    <h4 class=\"bdt-ep-static-carousel-sub-title\">\r\n                Model: DAILY            <\/h4>\r\n                                                    <h3 class=\"bdt-ep-static-carousel-title\">\r\n                AZKAR-AKB++Family                            <\/h3>\r\n                                                    <div class=\"bdt-ep-static-carousel-text\">\r\n                <ol><li>5kW Vebasto<\/li><li>G\u00fcn\u0259\u015f paneli 2 \u0259d\u0259d<\/li><li>Akkumulyator 3 \u0259d\u0259d<\/li><li>Yan\u011f\u0131na davaml\u0131 kabel sistemi<\/li><li>Gizl\u0131 ayd\u0131nlatma sistemi<\/li><li>Arxa yataq \u00fc\u00e7\u00fcn USB giri\u015fl\u0259r<\/li><li>\u00c7\u00f6l 220V g\u0259rginlik giri\u015fi<\/li><li>1000W \u0130nvertor sistemi<\/li><li>DC-DC motor \u015farj sistemi<\/li><li>Schnider qoruyucu paneli<\/li><li>Tabletd\u0259n a\u011f\u0131ll\u0131 idar\u0259etm\u0259 sistemi\u00a0<\/li><li>Ayd\u0131nlatma 12V<\/li><li>\u00c7\u00f6l tent i\u015f\u0131qland\u0131rma daxil<\/li><li>T\u0259miz su \u00e7\u0259ni 150 litr\u0259<\/li><li>\u0130\u015fl\u0259nmi\u015f su \u00e7\u0259ni 125 litr\u0259<\/li><li>D\u0259qiq\u0259d\u0259 12 litr\u0259lik qidrofor 12V 60 Psi<\/li><li>Geni\u015fl\u0259nm\u0259 \u00e7\u0259ni 1,5 litr\u0259<\/li><li>\u00c7\u00f6l du\u015f c\u0131x\u0131\u015f\u0131 (isti-soyuq)<\/li><li>\u00c7\u00f6l su doldurma giri\u015fi<\/li><li>WC \u00e7\u00f6l bo\u015faltma n\u00f6qt\u0259si<\/li><li>Hamam \u00fc\u00e7\u00fcn uzanan du\u015f sistemi<\/li><li>Hamam \u00fc\u00e7\u00fcn unitaz<\/li><li>Su q\u0131zd\u0131r\u0131c\u0131<\/li><li>B\u00fct\u00fcn qapaqlar v\u0259 \u00f6rt\u00fckl\u0259r MDF v\u0259 Kontra<\/li><li>Bambuk \u00fczl\u00fckl\u0259r<\/li><li>Kilit sistemi Berhimi Pro<\/li><li>Radiuslu dolab altl\u0131qlar\u0131<\/li><li>R\u0259ngl\u0131 dolab qapaqlar\u0131 (ist\u0259nil\u0259n r\u0259ngd\u0259)<\/li><li>Thetford qaz v\u0259 bula\u015f\u0131q b\u00f6l\u00fcm\u00fc<\/li><li>Berhimi soyuducu<\/li><li>Aliminium i\u015fl\u0259m\u0259l\u0259ri<\/li><\/ol>            <\/div>\r\n                                                    <div class=\"bdt-ep-static-carousel-readmore-wrap\">\r\n                <a class=\"bdt-ep-static-carousel-readmore \" href=\"?page_id=6484\" target=\"_self\">\r\n                    Daha \u0259trafl\u0131                                    <\/a>\r\n            <\/div>\r\n                            <\/div>\r\n\r\n                    <\/div>\r\n                <div class=\"bdt-ep-static-carousel-item swiper-slide\">\r\n                    <div class=\"bdt-ep-static-carousel-image bdt-image-mask\">\r\n\r\n            <img loading=\"lazy\" decoding=\"async\" width=\"666\" height=\"375\" src=\"https:\/\/azkaravan.az\/wp-content\/uploads\/2023\/09\/ducato_new2-removebg-preview-1.png\" class=\"attachment-large size-large\" alt=\"AZKAR-AKB++Family\" srcset=\"https:\/\/azkaravan.az\/wp-content\/uploads\/2023\/09\/ducato_new2-removebg-preview-1.png 666w, https:\/\/azkaravan.az\/wp-content\/uploads\/2023\/09\/ducato_new2-removebg-preview-1-300x169.png 300w\" sizes=\"auto, (max-width: 666px) 100vw, 666px\" \/>\r\n            \r\n        <\/div>\r\n                    <div class=\"bdt-ep-static-carousel-content\">\r\n                                    <h4 class=\"bdt-ep-static-carousel-sub-title\">\r\n                Model: DUCATO            <\/h4>\r\n                                                    <h3 class=\"bdt-ep-static-carousel-title\">\r\n                AZKAR-AKB++Family                            <\/h3>\r\n                                                    <div class=\"bdt-ep-static-carousel-text\">\r\n                <ol><li>5kW Vebasto<\/li><li>G\u00fcn\u0259\u015f paneli 2 \u0259d\u0259d<\/li><li>Akkumulyator 3 \u0259d\u0259d<\/li><li>Yan\u011f\u0131na davaml\u0131 kabel sistemi<\/li><li>Gizl\u0131 ayd\u0131nlatma sistemi<\/li><li>Arxa yataq \u00fc\u00e7\u00fcn USB giri\u015fl\u0259r<\/li><li>\u00c7\u00f6l 220V g\u0259rginlik giri\u015fi<\/li><li>1000W \u0130nvertor sistemi<\/li><li>DC-DC motor \u015farj sistemi<\/li><li>Schnider qoruyucu paneli<\/li><li>Tabletd\u0259n a\u011f\u0131ll\u0131 idar\u0259etm\u0259 sistemi\u00a0<\/li><li>Ayd\u0131nlatma 12V<\/li><li>\u00c7\u00f6l tent i\u015f\u0131qland\u0131rma daxil<\/li><li>T\u0259miz su \u00e7\u0259ni 150 litr\u0259<\/li><li>\u0130\u015fl\u0259nmi\u015f su \u00e7\u0259ni 125 litr\u0259<\/li><li>D\u0259qiq\u0259d\u0259 12 litr\u0259lik qidrofor 12V 60 Psi<\/li><li>Geni\u015fl\u0259nm\u0259 \u00e7\u0259ni 1,5 litr\u0259<\/li><li>\u00c7\u00f6l du\u015f c\u0131x\u0131\u015f\u0131 (isti-soyuq)<\/li><li>\u00c7\u00f6l su doldurma giri\u015fi<\/li><li>WC \u00e7\u00f6l bo\u015faltma n\u00f6qt\u0259si<\/li><li>Hamam \u00fc\u00e7\u00fcn uzanan du\u015f sistemi<\/li><li>Hamam \u00fc\u00e7\u00fcn unitaz<\/li><li>Su q\u0131zd\u0131r\u0131c\u0131<\/li><li>B\u00fct\u00fcn qapaqlar v\u0259 \u00f6rt\u00fckl\u0259r MDF v\u0259 Kontra<\/li><li>Bambuk \u00fczl\u00fckl\u0259r<\/li><li>Kilit sistemi Berhimi Pro<\/li><li>Radiuslu dolab altl\u0131qlar\u0131<\/li><li>R\u0259ngl\u0131 dolab qapaqlar\u0131 (ist\u0259nil\u0259n r\u0259ngd\u0259)<\/li><li>Thetford qaz v\u0259 bula\u015f\u0131q b\u00f6l\u00fcm\u00fc<\/li><li>Berhimi soyuducu<\/li><li>Aliminium i\u015fl\u0259m\u0259l\u0259ri<\/li><\/ol>            <\/div>\r\n                                                    <div class=\"bdt-ep-static-carousel-readmore-wrap\">\r\n                <a class=\"bdt-ep-static-carousel-readmore \" href=\"?page_id=6484\" target=\"_self\">\r\n                    Daha \u0259trafl\u0131                                    <\/a>\r\n            <\/div>\r\n                            <\/div>\r\n\r\n                    <\/div>\r\n                <div class=\"bdt-ep-static-carousel-item swiper-slide\">\r\n                    <div class=\"bdt-ep-static-carousel-image bdt-image-mask\">\r\n\r\n            <img loading=\"lazy\" decoding=\"async\" width=\"666\" height=\"374\" src=\"https:\/\/azkaravan.az\/wp-content\/uploads\/2023\/09\/boxer-2-5.png\" class=\"attachment-large size-large\" alt=\"AZKAR-AKB++Family\" srcset=\"https:\/\/azkaravan.az\/wp-content\/uploads\/2023\/09\/boxer-2-5.png 666w, https:\/\/azkaravan.az\/wp-content\/uploads\/2023\/09\/boxer-2-5-300x168.png 300w\" sizes=\"auto, (max-width: 666px) 100vw, 666px\" \/>\r\n            \r\n        <\/div>\r\n                    <div class=\"bdt-ep-static-carousel-content\">\r\n                                    <h4 class=\"bdt-ep-static-carousel-sub-title\">\r\n                Model: BOXER            <\/h4>\r\n                                                    <h3 class=\"bdt-ep-static-carousel-title\">\r\n                AZKAR-AKB++Family                            <\/h3>\r\n                                                    <div class=\"bdt-ep-static-carousel-text\">\r\n                <ol><li>5kW Vebasto<\/li><li>G\u00fcn\u0259\u015f paneli 2 \u0259d\u0259d<\/li><li>Akkumulyator 3 \u0259d\u0259d<\/li><li>Yan\u011f\u0131na davaml\u0131 kabel sistemi<\/li><li>Gizl\u0131 ayd\u0131nlatma sistemi<\/li><li>Arxa yataq \u00fc\u00e7\u00fcn USB giri\u015fl\u0259r<\/li><li>\u00c7\u00f6l 220V g\u0259rginlik giri\u015fi<\/li><li>1000W \u0130nvertor sistemi<\/li><li>DC-DC motor \u015farj sistemi<\/li><li>Schnider qoruyucu paneli<\/li><li>Tabletd\u0259n a\u011f\u0131ll\u0131 idar\u0259etm\u0259 sistemi\u00a0<\/li><li>Ayd\u0131nlatma 12V<\/li><li>\u00c7\u00f6l tent i\u015f\u0131qland\u0131rma daxil<\/li><li>T\u0259miz su \u00e7\u0259ni 150 litr\u0259<\/li><li>\u0130\u015fl\u0259nmi\u015f su \u00e7\u0259ni 125 litr\u0259<\/li><li>D\u0259qiq\u0259d\u0259 12 litr\u0259lik qidrofor 12V 60 Psi<\/li><li>Geni\u015fl\u0259nm\u0259 \u00e7\u0259ni 1,5 litr\u0259<\/li><li>\u00c7\u00f6l du\u015f c\u0131x\u0131\u015f\u0131 (isti-soyuq)<\/li><li>\u00c7\u00f6l su doldurma giri\u015fi<\/li><li>WC \u00e7\u00f6l bo\u015faltma n\u00f6qt\u0259si<\/li><li>Hamam \u00fc\u00e7\u00fcn uzanan du\u015f sistemi<\/li><li>Hamam \u00fc\u00e7\u00fcn unitaz<\/li><li>Su q\u0131zd\u0131r\u0131c\u0131<\/li><li>B\u00fct\u00fcn qapaqlar v\u0259 \u00f6rt\u00fckl\u0259r MDF v\u0259 Kontra<\/li><li>Bambuk \u00fczl\u00fckl\u0259r<\/li><li>Kilit sistemi Berhimi Pro<\/li><li>Radiuslu dolab altl\u0131qlar\u0131<\/li><li>R\u0259ngl\u0131 dolab qapaqlar\u0131 (ist\u0259nil\u0259n r\u0259ngd\u0259)<\/li><li>Thetford qaz v\u0259 bula\u015f\u0131q b\u00f6l\u00fcm\u00fc<\/li><li>Berhimi soyuducu<\/li><li>Aliminium i\u015fl\u0259m\u0259l\u0259ri<\/li><\/ol>            <\/div>\r\n                                                    <div class=\"bdt-ep-static-carousel-readmore-wrap\">\r\n                <a class=\"bdt-ep-static-carousel-readmore \" href=\"?page_id=6484\" target=\"_self\">\r\n                    Daha \u0259trafl\u0131                                    <\/a>\r\n            <\/div>\r\n                            <\/div>\r\n\r\n                    <\/div>\r\n        \t\t<\/div>\r\n\t\t\t\t<\/div>\r\n\r\n\t\t\t\t\t\t\t\t\t\t\t<div class=\"bdt-position-z-index bdt-position-center bdt-visible@m\">\r\n\t\t\t\t<div class=\"bdt-arrows-container bdt-slidenav-container\">\r\n\t\t\t\t\t<a href=\"\" class=\"bdt-navigation-prev bdt-slidenav-previous bdt-icon bdt-slidenav\">\r\n\t\t\t\t\t\t<i class=\"ep-icon-arrow-left-0\" aria-hidden=\"true\"><\/i>\r\n\t\t\t\t\t<\/a>\r\n\t\t\t\t\t<a href=\"\" class=\"bdt-navigation-next bdt-slidenav-next bdt-icon bdt-slidenav\">\r\n\t\t\t\t\t\t<i class=\"ep-icon-arrow-right-0\" aria-hidden=\"true\"><\/i>\r\n\t\t\t\t\t<\/a>\r\n\t\t\t\t<\/div>\r\n\t\t\t<\/div>\r\n\t\t\t\t\r\n\t\t<\/div>\r\n\r\n\t\t<\/div>\n\t\t\t\t<\/div>\n\t\t\t\t\t<\/div>\n\t\t<\/div>\n\t\t\t\t\t\t\t<\/div>\n\t\t<\/section>\n\t\t\t\t<section class=\"elementor-section elementor-top-section elementor-element elementor-element-3036a34 elementor-section-boxed elementor-section-height-default elementor-section-height-default\" data-id=\"3036a34\" data-element_type=\"section\">\n\t\t\t\t\t\t<div class=\"elementor-container elementor-column-gap-default\">\n\t\t\t\t\t<div class=\"elementor-column elementor-col-100 elementor-top-column elementor-element elementor-element-b77b30b\" data-id=\"b77b30b\" data-element_type=\"column\">\n\t\t\t<div class=\"elementor-widget-wrap elementor-element-populated\">\n\t\t\t\t\t\t\t\t<div class=\"elementor-element elementor-element-50a44df elementor-widget__width-initial elementor-widget-tablet__width-initial elementor-widget-mobile__width-initial elementor-widget elementor-widget-wp-widget-visitors_widget\" data-id=\"50a44df\" data-element_type=\"widget\" data-widget_type=\"wp-widget-visitors_widget.default\">\n\t\t\t\t<div class=\"elementor-widget-container\">\n\t\t\t<h5>Bizi izl\u0259y\u0259nl\u0259r<\/h5><input type=\"hidden\" class=\"random_prefix_val\" value=\"3448\" \/><input type=\"hidden\" id=\"graph_info_3448\" value='[[\"\",\"\"],[\"\",566],[\"\",769],[\"\",399],[\"\",377]]' \/><style>\n\t\t\t\t\t\t.widget_type_6.visitor_widget{\n\t\t\t\t\t\t\tbox-shadow: 0px 25px 46px 0 rgba(51, 59, 69, 0.15);\n\t\t\t\t\t\t}\n\t\t\t\t\t\t\n\t\t\t.widget_type_6{\n\t\t\t\toverflow:hidden;\n\t\t\t\tborder:1px solid #e6eaee;\n\t\t\t\tborder-radius: 4px;\n\t\t\t\tmax-width:176px;\n\t\t\t\tbackground-color: transparent;\n\t\t\t\tposition:relative;\n\t\t\t\tfont-family: \"Exo 2\", sans-serif;\n\t\t\t}\n\t\t\t.widget_type_6 .left_col{\n\t\t\t\twidth:50%;\n\t\t\t\tfloat:left;\n\t\t\t}\n\t\t\t.widget_type_6 .right_col{\n\t\t\t\twidth:50%;\n\t\t\t\tfloat:left;\n\t\t\t\tpadding-top: 2px;\n\t\t\t}\n\t\t\t.widget_type_6 .left_col .count_num{\n\t\t\t\tfloat:left;\n\t\t\t\t margin-right: 5px;\n\t\t\t\t     padding: 5px;\n\t\t\t\t  font-size: 14px;\n\t\t\t\t  font-weight: 300;\n\t\t\t\t  font-style: normal;\n\t\t\t\t  font-stretch: normal;\n\t\t\t\t  line-height: normal;\n\t\t\t\t  letter-spacing: normal;\n\t\t\t\t  text-align: left;\n\t\t\t\t  color: #354052;\n\t\t\t}\n\t\t\t.widget_type_6 .left_col .count_text{\n\t\t\t\t\tfont-size: 8px;\n\t\t\t\t  font-weight: 500;\n\t\t\t\t  font-style: normal;\n\t\t\t\t  font-stretch: normal;\n\t\t\t\ttext-transform:uppercase;\n\t\t\t\t  letter-spacing: 0.8px;\n\t\t\t\t  text-align: left;\n\t\t\t\t  color: #b7c0cd;\n\t\t\t}\n\t\t\t<\/style>\n\t\t\t<div class=\"visitor_widget widget_type_6\">\n\t\t\t\t<div class=\"left_col\">\n\t\t\t\t\t<div class=\"count_num\">\n\t\t\t\t\t\t182723\n\t\t\t\t\t<\/div>\n\t\t\t\t\t<div class=\"count_text\">\n\t\t\t\t\t\t<div>Total<\/div> <div>Visitors<\/div>\n\t\t\t\t\t<\/div>\n\t\t\t\t<\/div>\n\t\t\t\t<div class=\"right_col\">\n                    <a href=\"https:\/\/visitorplugin.com\/\">\n                        <img decoding=\"async\" src=\"https:\/\/azkaravan.az\/wp-content\/plugins\/wp-visitors-widget\/modules\/images\/logo-dark-copy-2.png\" width=\"80\" \/>\n                    <\/a>\n\t\t\t\t<\/div>\n\t\t\t<\/div>\n\t\t\t\t\t<\/div>\n\t\t\t\t<\/div>\n\t\t\t\t\t<\/div>\n\t\t<\/div>\n\t\t\t\t\t\t\t<\/div>\n\t\t<\/section>\n\t\t\t\t\t\t\t<\/div>\n\t\t","protected":false},"excerpt":{"rendered":"<p>Model: DAILY AZKAR-AKB++Family 5kW Vebasto G\u00fcn\u0259\u015f paneli 2 \u0259d\u0259d Akkumulyator 3 \u0259d\u0259d Yan\u011f\u0131na davaml\u0131 kabel sistemi Gizl\u0131 ayd\u0131nlatma sistemi Arxa yataq \u00fc\u00e7\u00fcn USB giri\u015fl\u0259r \u00c7\u00f6l 220V g\u0259rginlik giri\u015fi 1000W \u0130nvertor sistemi DC-DC motor \u015farj sistemi Schnider qoruyucu paneli Tabletd\u0259n a\u011f\u0131ll\u0131 idar\u0259etm\u0259 sistemi\u00a0 Ayd\u0131nlatma 12V \u00c7\u00f6l tent i\u015f\u0131qland\u0131rma daxil T\u0259miz su \u00e7\u0259ni 150 litr\u0259 \u0130\u015fl\u0259nmi\u015f su [&hellip;]<\/p>\n","protected":false},"author":1,"featured_media":0,"parent":0,"menu_order":0,"comment_status":"closed","ping_status":"closed","template":"template-home.php","meta":{"om_disable_all_campaigns":false,"_monsterinsights_skip_tracking":false,"_monsterinsights_sitenote_active":false,"_monsterinsights_sitenote_note":"","_monsterinsights_sitenote_category":0,"footnotes":""},"class_list":["post-1617","page","type-page","status-publish","hentry"],"aioseo_notices":[],"_links":{"self":[{"href":"https:\/\/azkaravan.az\/index.php?rest_route=\/wp\/v2\/pages\/1617","targetHints":{"allow":["GET"]}}],"collection":[{"href":"https:\/\/azkaravan.az\/index.php?rest_route=\/wp\/v2\/pages"}],"about":[{"href":"https:\/\/azkaravan.az\/index.php?rest_route=\/wp\/v2\/types\/page"}],"author":[{"embeddable":true,"href":"https:\/\/azkaravan.az\/index.php?rest_route=\/wp\/v2\/users\/1"}],"replies":[{"embeddable":true,"href":"https:\/\/azkaravan.az\/index.php?rest_route=%2Fwp%2Fv2%2Fcomments&post=1617"}],"version-history":[{"count":251,"href":"https:\/\/azkaravan.az\/index.php?rest_route=\/wp\/v2\/pages\/1617\/revisions"}],"predecessor-version":[{"id":6860,"href":"https:\/\/azkaravan.az\/index.php?rest_route=\/wp\/v2\/pages\/1617\/revisions\/6860"}],"wp:attachment":[{"href":"https:\/\/azkaravan.az\/index.php?rest_route=%2Fwp%2Fv2%2Fmedia&parent=1617"}],"curies":[{"name":"wp","href":"https:\/\/api.w.org\/{rel}","templated":true}]}}